{"id":47805,"date":"2024-02-08T15:59:23","date_gmt":"2024-02-08T14:59:23","guid":{"rendered":"https:\/\/www.suncamp.nl\/blog\/?page_id=47805"},"modified":"2024-02-08T15:59:23","modified_gmt":"2024-02-08T14:59:23","slug":"kontakt","status":"publish","type":"page","link":"https:\/\/www.suncamp.pl\/blog\/kontakt\/","title":{"rendered":"Kontakt"},"content":{"rendered":"<p>Hast du eine Frage oder Anmerkung? Oder w\u00fcrdest du\u00a0gerne selbst einen Beitrag verfassen? F\u00fclle einfach unten stehendes Formular aus, sodass\u00a0wir schnellstm\u00f6glich Kontakt zu dir\u00a0aufnehmen k\u00f6nnen.<\/p>\n<p>GPT<\/p>\n<p>Czy masz pytanie lub uwag\u0119? A mo\u017ce chcia\u0142by\u015b sam napisa\u0107 artyku\u0142? Wype\u0142nij po prostu poni\u017cszy formularz, aby\u015bmy mogli jak najszybciej si\u0119 z Tob\u0105 skontaktowa\u0107.<\/p>\n","protected":false},"excerpt":{"rendered":"<p>Hast du eine Frage oder Anmerkung? Oder w\u00fcrdest du\u00a0gerne selbst einen Beitrag verfassen? F\u00fclle einfach unten stehendes Formular aus, sodass\u00a0wir schnellstm\u00f6glich Kontakt zu dir\u00a0aufnehmen k\u00f6nnen. GPT Czy masz pytanie lub uwag\u0119? A mo\u017ce chcia\u0142by\u015b sam napisa\u0107 artyku\u0142? Wype\u0142nij po prostu poni\u017cszy formularz, aby\u015bmy mogli jak najszybciej si\u0119 z Tob\u0105 skontaktowa\u0107.<\/p>\n","protected":false},"author":2,"featured_media":40764,"parent":0,"menu_order":0,"comment_status":"closed","ping_status":"closed","template":"page-contact.php","meta":{"_acf_changed":false,"footnotes":""},"class_list":["post-47805","page","type-page","status-publish","has-post-thumbnail","hentry"],"acf":[],"_links":{"self":[{"href":"https:\/\/www.suncamp.pl\/blog\/wp-json\/wp\/v2\/pages\/47805","targetHints":{"allow":["GET"]}}],"collection":[{"href":"https:\/\/www.suncamp.pl\/blog\/wp-json\/wp\/v2\/pages"}],"about":[{"href":"https:\/\/www.suncamp.pl\/blog\/wp-json\/wp\/v2\/types\/page"}],"author":[{"embeddable":true,"href":"https:\/\/www.suncamp.pl\/blog\/wp-json\/wp\/v2\/users\/2"}],"replies":[{"embeddable":true,"href":"https:\/\/www.suncamp.pl\/blog\/wp-json\/wp\/v2\/comments?post=47805"}],"version-history":[{"count":1,"href":"https:\/\/www.suncamp.pl\/blog\/wp-json\/wp\/v2\/pages\/47805\/revisions"}],"predecessor-version":[{"id":47806,"href":"https:\/\/www.suncamp.pl\/blog\/wp-json\/wp\/v2\/pages\/47805\/revisions\/47806"}],"wp:featuredmedia":[{"embeddable":true,"href":"https:\/\/www.suncamp.pl\/blog\/wp-json\/wp\/v2\/media\/40764"}],"wp:attachment":[{"href":"https:\/\/www.suncamp.pl\/blog\/wp-json\/wp\/v2\/media?parent=47805"}],"curies":[{"name":"wp","href":"https:\/\/api.w.org\/{rel}","templated":true}]}}